{"id":2,"date":"2018-01-05T13:43:28","date_gmt":"2018-01-05T13:43:28","guid":{"rendered":"http:\/\/produsnatura2000.ro\/?page_id=2"},"modified":"2020-03-02T15:03:45","modified_gmt":"2020-03-02T15:03:45","slug":"kezdolap","status":"publish","type":"page","link":"https:\/\/produsnatura2000.ro\/","title":{"rendered":"Kezd\u0151lap"},"content":{"rendered":"<p>[vc_row full_width=&#8221;stretch_row&#8221; hide_bg_image_on_tablet=&#8221;&#8221; hide_bg_image_on_mobile=&#8221;&#8221; css=&#8221;.vc_custom_1533549497867{background-image: url(http:\/\/produsnatura2000.ro\/wp-content\/uploads\/2018\/08\/pattent-white-top.png?id=1159) !important;background-position: bottom left !important;background-repeat: no-repeat !important;}&#8221; el_class=&#8221;z-index&#8221;][vc_column icons_position=&#8221;left&#8221;][vc_empty_space height=&#8221;20px&#8221; alter_height=&#8221;none&#8221; hide_on_desktop=&#8221;&#8221; hide_on_notebook=&#8221;&#8221; hide_on_tablet=&#8221;&#8221; hide_on_mobile=&#8221;&#8221;][\/vc_column][\/vc_row][vc_row full_width=&#8221;stretch_row&#8221; hide_bg_image_on_tablet=&#8221;&#8221; hide_bg_image_on_mobile=&#8221;&#8221; css=&#8221;.vc_custom_1531924849537{margin-top: -20px !important;}&#8221;][vc_column icons_position=&#8221;left&#8221;][vc_column_text css=&#8221;.vc_custom_1571226981048{margin-top: -20px !important;}&#8221;]<link href=\"https:\/\/fonts.googleapis.com\/css?family=Roboto+Slab:400\" rel=\"stylesheet\" property=\"stylesheet\" type=\"text\/css\" media=\"all\">\n<div id=\"rev_slider_1_1_wrapper\" class=\"rev_slider_wrapper fullwidthbanner-container\" data-source=\"gallery\" style=\"margin:0px auto;background:transparent;padding:0px;margin-top:0px;margin-bottom:0px;\">\n<!-- START REVOLUTION SLIDER 5.4.8.3 fullwidth mode -->\n\t<div id=\"rev_slider_1_1\" class=\"rev_slider fullwidthabanner\" style=\"display:none;\" data-version=\"5.4.8.3\">\n<ul>\t<!-- SLIDE  -->\n\t<li data-index=\"rs-1\" data-transition=\"curtain-1\" data-slotamount=\"default\" data-hideafterloop=\"0\" data-hideslideonmobile=\"off\"  data-easein=\"default\" data-easeout=\"default\" data-masterspeed=\"default\"  data-thumb=\"https:\/\/produsnatura2000.ro\/wp-content\/uploads\/2019\/10\/landscape1-100x50.jpg\"  data-delay=\"7010\"  data-rotate=\"0\"  data-saveperformance=\"off\"  data-title=\"Slide\" data-param1=\"\" data-param2=\"\" data-param3=\"\" data-param4=\"\" data-param5=\"\" data-param6=\"\" data-param7=\"\" data-param8=\"\" data-param9=\"\" data-param10=\"\" data-description=\"\">\n\t\t<!-- MAIN IMAGE -->\n\t\t<img src=\"https:\/\/produsnatura2000.ro\/wp-content\/uploads\/2019\/10\/landscape1.jpg\"  alt=\"\" title=\"landscape1\"  width=\"1920\" height=\"677\" data-bgposition=\"center center\" data-bgfit=\"cover\" data-bgrepeat=\"no-repeat\" class=\"rev-slidebg\" data-no-retina>\n\t\t<!-- LAYERS -->\n\t<\/li>\n\t<!-- SLIDE  -->\n\t<li data-index=\"rs-2\" data-transition=\"curtain-2\" data-slotamount=\"default\" data-hideafterloop=\"0\" data-hideslideonmobile=\"off\"  data-easein=\"default\" data-easeout=\"default\" data-masterspeed=\"default\"  data-thumb=\"https:\/\/produsnatura2000.ro\/wp-content\/uploads\/2019\/10\/apples1-100x50.jpg\"  data-delay=\"7010\"  data-rotate=\"0\"  data-saveperformance=\"off\"  data-title=\"Slide\" data-param1=\"\" data-param2=\"\" data-param3=\"\" data-param4=\"\" data-param5=\"\" data-param6=\"\" data-param7=\"\" data-param8=\"\" data-param9=\"\" data-param10=\"\" data-description=\"\">\n\t\t<!-- MAIN IMAGE -->\n\t\t<img src=\"https:\/\/produsnatura2000.ro\/wp-content\/uploads\/2019\/10\/apples1.jpg\"  alt=\"\" title=\"apples1\"  width=\"1920\" height=\"677\" data-bgposition=\"center center\" data-bgfit=\"cover\" data-bgrepeat=\"no-repeat\" class=\"rev-slidebg\" data-no-retina>\n\t\t<!-- LAYERS -->\n\t<\/li>\n\t<!-- SLIDE  -->\n\t<li data-index=\"rs-3\" data-transition=\"curtain-3\" data-slotamount=\"default\" data-hideafterloop=\"0\" data-hideslideonmobile=\"off\"  data-easein=\"default\" data-easeout=\"default\" data-masterspeed=\"default\"  data-thumb=\"https:\/\/produsnatura2000.ro\/wp-content\/uploads\/2019\/10\/cows1-100x50.jpg\"  data-delay=\"6950\"  data-rotate=\"0\"  data-saveperformance=\"off\"  data-title=\"Slide\" data-param1=\"\" data-param2=\"\" data-param3=\"\" data-param4=\"\" data-param5=\"\" data-param6=\"\" data-param7=\"\" data-param8=\"\" data-param9=\"\" data-param10=\"\" data-description=\"\">\n\t\t<!-- MAIN IMAGE -->\n\t\t<img src=\"https:\/\/produsnatura2000.ro\/wp-content\/uploads\/2019\/10\/cows1.jpg\"  alt=\"\" title=\"cows1\"  width=\"1920\" height=\"677\" data-bgposition=\"center center\" data-bgfit=\"cover\" data-bgrepeat=\"no-repeat\" class=\"rev-slidebg\" data-no-retina>\n\t\t<!-- LAYERS -->\n\t<\/li>\n<\/ul>\n<div style=\"\" class=\"tp-static-layers\">\n\n\t\t<!-- LAYER NR. 1 -->\n\t\t<div class=\"tp-caption Newspaper-Title   tp-resizeme tp-static-layer\" \n\t\t\t id=\"slider-1-layer-1\" \n\t\t\t data-x=\"98\" \n\t\t\t data-y=\"179\" \n\t\t\t\t\t\tdata-width=\"['auto']\"\n\t\t\tdata-height=\"['auto']\"\n \n\t\t\tdata-type=\"text\" \n\t\t\tdata-responsive_offset=\"on\" \n\n\t\t\tdata-startslide=\"0\" \n\t\t\tdata-endslide=\"2\" \n\t\t\tdata-frames='[{\"delay\":490,\"speed\":300,\"frame\":\"0\",\"from\":\"opacity:0;\",\"to\":\"o:1;\",\"ease\":\"Power3.easeInOut\"},{\"delay\":\"wait\",\"speed\":300,\"frame\":\"999\",\"to\":\"opacity:0;\",\"ease\":\"Power3.easeInOut\"}]'\n\t\t\tdata-textAlign=\"['left','left','left','left']\"\n\t\t\tdata-paddingtop=\"[0,0,0,0]\"\n\t\t\tdata-paddingright=\"[0,0,0,0]\"\n\t\t\tdata-paddingbottom=\"[10,10,10,10]\"\n\t\t\tdata-paddingleft=\"[0,0,0,0]\"\n\n\t\t\tstyle=\"z-index: 5; white-space: nowrap; color: #ffffff; letter-spacing: 0px;\">NATURA 2000 TERM\u00c9KEK <\/div>\n\n\t\t<!-- LAYER NR. 2 -->\n\t\t<div class=\"tp-caption Sports-Subline   tp-resizeme tp-static-layer\" \n\t\t\t id=\"slider-1-layer-3\" \n\t\t\t data-x=\"98\" \n\t\t\t data-y=\"129\" \n\t\t\t\t\t\tdata-width=\"['auto']\"\n\t\t\tdata-height=\"['auto']\"\n \n\t\t\tdata-type=\"text\" \n\t\t\tdata-responsive_offset=\"on\" \n\n\t\t\tdata-startslide=\"0\" \n\t\t\tdata-endslide=\"2\" \n\t\t\tdata-frames='[{\"delay\":410,\"speed\":300,\"frame\":\"0\",\"from\":\"opacity:0;\",\"to\":\"o:1;\",\"ease\":\"Power3.easeInOut\"},{\"delay\":\"wait\",\"speed\":300,\"frame\":\"999\",\"to\":\"opacity:0;\",\"ease\":\"Power3.easeInOut\"}]'\n\t\t\tdata-textAlign=\"['left','left','left','left']\"\n\t\t\tdata-paddingtop=\"[0,0,0,0]\"\n\t\t\tdata-paddingright=\"[0,0,0,0]\"\n\t\t\tdata-paddingbottom=\"[0,0,0,0]\"\n\t\t\tdata-paddingleft=\"[0,0,0,0]\"\n\n\t\t\tstyle=\"z-index: 6; white-space: nowrap; font-size: 37px; color: #fed34a; letter-spacing: 0px;font-family:Roboto Slab;\">NY\u00c1R\u00c1D-K\u00dcK\u00dcLL\u0150 MENTI <\/div>\n<\/div>\n<script>var htmlDiv = document.getElementById(\"rs-plugin-settings-inline-css\"); var htmlDivCss=\".hesperiden .tp-bullet{width:10px !important;height:10px !important;background:linear-gradient(to bottom,rgb(##bullet-bg-top##) 0%,rgb(255,255,255) 100%) !important;filter:progid:dximagetransform.microsoft.gradient(   startcolorstr=\\\"rgb(##bullet-bg-top##)\\\",endcolorstr=\\\"rgb(255,255,255)\\\",gradienttype=0 ) !important}.hesperiden .tp-bullet:hover,.hesperiden .tp-bullet.selected{background:rgb(254,211,74) !important}.hesperiden .tp-bullet{width:10px !important;height:10px !important;background:linear-gradient(to bottom,rgb(##bullet-bg-top##) 0%,rgb(255,255,255) 100%) !important;filter:progid:dximagetransform.microsoft.gradient(   startcolorstr=\\\"rgb(##bullet-bg-top##)\\\",endcolorstr=\\\"rgb(255,255,255)\\\",gradienttype=0 ) !important}.hesperiden .tp-bullet:hover,.hesperiden .tp-bullet.selected{background:rgb(254,211,74) !important}.hesperiden .tp-bullet{width:10px !important;height:10px !important;background:linear-gradient(to bottom,rgb(##bullet-bg-top##) 0%,rgb(255,255,255) 100%) !important;filter:progid:dximagetransform.microsoft.gradient(   startcolorstr=\\\"rgb(##bullet-bg-top##)\\\",endcolorstr=\\\"rgb(255,255,255)\\\",gradienttype=0 ) !important}.hesperiden .tp-bullet:hover,.hesperiden .tp-bullet.selected{background:rgb(254,211,74) !important}\";\r\n\t\t\t\t\t\tif(htmlDiv) {\r\n\t\t\t\t\t\t\thtmlDiv.innerHTML = htmlDiv.innerHTML + htmlDivCss;\r\n\t\t\t\t\t\t}else{\r\n\t\t\t\t\t\t\tvar htmlDiv = document.createElement(\"div\");\r\n\t\t\t\t\t\t\thtmlDiv.innerHTML = \"<style>\" + htmlDivCss + \"<\/style>\";\r\n\t\t\t\t\t\t\tdocument.getElementsByTagName(\"head\")[0].appendChild(htmlDiv.childNodes[0]);\r\n\t\t\t\t\t\t}\r\n\t\t\t\t\t<\/script>\n<div class=\"tp-bannertimer tp-bottom\" style=\"visibility: hidden !important;\"><\/div>\t<\/div>\n<script>var htmlDiv = document.getElementById(\"rs-plugin-settings-inline-css\"); var htmlDivCss=\".tp-caption.Sports-Subline,.Sports-Subline{color:rgba(0,0,0,1.00);font-size:32px;line-height:32px;font-weight:400;font-style:normal;font-family:\\\"Raleway\\\";text-decoration:none;background-color:transparent;border-color:transparent;border-style:none;border-width:0px;border-radius:0 0 0 0px;letter-spacing:4px}.tp-caption.Newspaper-Title,.Newspaper-Title{color:rgba(255,255,255,1.00);font-size:50px;line-height:55px;font-weight:400;font-style:normal;font-family:\\\"Roboto Slab\\\";text-decoration:none;background-color:transparent;border-color:transparent;border-style:none;border-width:0px;border-radius:0px 0px 0px 0px}\";\r\n\t\t\t\tif(htmlDiv) {\r\n\t\t\t\t\thtmlDiv.innerHTML = htmlDiv.innerHTML + htmlDivCss;\r\n\t\t\t\t}else{\r\n\t\t\t\t\tvar htmlDiv = document.createElement(\"div\");\r\n\t\t\t\t\thtmlDiv.innerHTML = \"<style>\" + htmlDivCss + \"<\/style>\";\r\n\t\t\t\t\tdocument.getElementsByTagName(\"head\")[0].appendChild(htmlDiv.childNodes[0]);\r\n\t\t\t\t}\r\n\t\t\t<\/script>\n\t\t<script type=\"text\/javascript\">\r\nif (setREVStartSize!==undefined) setREVStartSize(\r\n\t{c: '#rev_slider_1_1', gridwidth: [1240], gridheight: [678], sliderLayout: 'fullwidth', minHeight:'320px'});\r\n\t\t\t\r\nvar revapi1,\r\n\ttpj;\t\r\n(function() {\t\t\t\r\n\tif (!\/loaded|interactive|complete\/.test(document.readyState)) document.addEventListener(\"DOMContentLoaded\",onLoad); else onLoad();\t\r\n\tfunction onLoad() {\t\t\t\t\r\n\t\tif (tpj===undefined) { tpj = jQuery; if(\"off\" == \"on\") tpj.noConflict();}\r\n\tif(tpj(\"#rev_slider_1_1\").revolution == undefined){\n\t\trevslider_showDoubleJqueryError(\"#rev_slider_1_1\");\n\t}else{\n\t\trevapi1 = tpj(\"#rev_slider_1_1\").show().revolution({\n\t\t\tsliderType:\"standard\",\n\t\t\tjsFileLocation:\"\/\/produsnatura2000.ro\/wp-content\/plugins\/revslider\/public\/assets\/js\/\",\n\t\t\tsliderLayout:\"fullwidth\",\n\t\t\tdottedOverlay:\"none\",\n\t\t\tdelay:9000,\n\t\t\tnavigation: {\n\t\t\t\tkeyboardNavigation:\"off\",\n\t\t\t\tkeyboard_direction: \"horizontal\",\n\t\t\t\tmouseScrollNavigation:\"off\",\n \t\t\t\t\t\t\tmouseScrollReverse:\"default\",\n\t\t\t\tonHoverStop:\"off\",\n\t\t\t\ttouch:{\n\t\t\t\t\ttouchenabled:\"on\",\n\t\t\t\t\ttouchOnDesktop:\"on\",\n\t\t\t\t\tswipe_threshold: 75,\n\t\t\t\t\tswipe_min_touches: 1,\n\t\t\t\t\tswipe_direction: \"horizontal\",\n\t\t\t\t\tdrag_block_vertical: false\n\t\t\t\t}\n\t\t\t\t,\n\t\t\t\tbullets: {\n\t\t\t\t\tenable:true,\n\t\t\t\t\thide_onmobile:false,\n\t\t\t\t\tstyle:\"hesperiden\",\n\t\t\t\t\thide_onleave:false,\n\t\t\t\t\tdirection:\"vertical\",\n\t\t\t\t\th_align:\"right\",\n\t\t\t\t\tv_align:\"center\",\n\t\t\t\t\th_offset:40,\n\t\t\t\t\tv_offset:20,\n\t\t\t\t\tspace:20,\n\t\t\t\t\ttmp:''\n\t\t\t\t}\n\t\t\t},\n\t\t\tvisibilityLevels:[1240,1024,778,480],\n\t\t\tgridwidth:1240,\n\t\t\tgridheight:678,\n\t\t\tlazyType:\"none\",\n\t\t\tminHeight:\"320px\",\n\t\t\tshadow:0,\n\t\t\tspinner:\"spinner0\",\n\t\t\tstopLoop:\"off\",\n\t\t\tstopAfterLoops:-1,\n\t\t\tstopAtSlide:-1,\n\t\t\tshuffle:\"off\",\n\t\t\tautoHeight:\"off\",\n\t\t\tdisableProgressBar:\"on\",\n\t\t\thideThumbsOnMobile:\"off\",\n\t\t\thideSliderAtLimit:0,\n\t\t\thideCaptionAtLimit:0,\n\t\t\thideAllCaptionAtLilmit:0,\n\t\t\tdebugMode:false,\n\t\t\tfallbacks: {\n\t\t\t\tsimplifyAll:\"off\",\n\t\t\t\tnextSlideOnWindowFocus:\"off\",\n\t\t\t\tdisableFocusListener:false,\n\t\t\t}\n\t\t});\n\t}; \/* END OF revapi call *\/\n\t\n }; \/* END OF ON LOAD FUNCTION *\/\r\n}()); \/* END OF WRAPPING FUNCTION *\/\r\n<\/script>\r\n\t\t<script>\r\n\t\t\t\t\tvar htmlDivCss = unescape(\".hesperiden.tp-bullets%20%7B%0A%7D%0A.hesperiden.tp-bullets%3Abefore%20%7B%0A%09content%3A%22%20%22%3B%0A%09position%3Aabsolute%3B%0A%09width%3A100%25%3B%0A%09height%3A100%25%3B%0A%09background%3Atransparent%3B%0A%09padding%3A10px%3B%0A%09margin-left%3A-10px%3Bmargin-top%3A-10px%3B%0A%09box-sizing%3Acontent-box%3B%0A%20%20%20border-radius%3A8px%3B%0A%20%20%0A%7D%0A.hesperiden%20.tp-bullet%20%7B%0A%09width%3A8px%3B%0A%09height%3A8px%3B%0A%09position%3Aabsolute%3B%0A%09background%3A%20rgb%28255%2C%20255%2C%20255%29%3B%20%2F%2A%20old%20browsers%20%2A%2F%0A%20%20%20%20background%3A%20-moz-linear-gradient%28top%2C%20%20rgb%28255%2C%20255%2C%20255%29%200%25%2C%20rgb%28255%2C%20255%2C%20255%29%20100%25%29%3B%20%2F%2A%20ff3.6%2B%20%2A%2F%0A%20%20%20%20background%3A%20-webkit-linear-gradient%28top%2C%20%20rgb%28255%2C%20255%2C%20255%29%200%25%2Crgb%28255%2C%20255%2C%20255%29%20100%25%29%3B%20%2F%2A%20chrome10%2B%2Csafari5.1%2B%20%2A%2F%0A%20%20%20%20background%3A%20-o-linear-gradient%28top%2C%20%20rgb%28255%2C%20255%2C%20255%29%200%25%2Crgb%28255%2C%20255%2C%20255%29%20100%25%29%3B%20%2F%2A%20opera%2011.10%2B%20%2A%2F%0A%20%20%20%20background%3A%20-ms-linear-gradient%28top%2C%20%20rgb%28255%2C%20255%2C%20255%29%200%25%2Crgb%28255%2C%20255%2C%20255%29%20100%25%29%3B%20%2F%2A%20ie10%2B%20%2A%2F%0A%20%20%20%20background%3A%20linear-gradient%28to%20bottom%2C%20%20rgb%28255%2C%20255%2C%20255%29%200%25%2Crgb%28255%2C%20255%2C%20255%29%20100%25%29%3B%20%2F%2A%20w3c%20%2A%2F%0A%20%20%20%20filter%3A%20progid%3Adximagetransform.microsoft.gradient%28%20%0A%20%20%20%20startcolorstr%3D%22rgb%28255%2C%20255%2C%20255%29%22%2C%20endcolorstr%3D%22rgb%28255%2C%20255%2C%20255%29%22%2Cgradienttype%3D0%20%29%3B%20%2F%2A%20ie6-9%20%2A%2F%0A%09border%3A1px%20solid%20rgb%28229%2C%20229%2C%20229%2C%200%29%3B%0A%09border-radius%3A50%25%3B%0A%09cursor%3A%20pointer%3B%0A%09box-sizing%3Acontent-box%3B%0A%7D%0A.hesperiden%20.tp-bullet%3Ahover%2C%0A.hesperiden%20.tp-bullet.selected%20%7B%0A%09background%3Argb%28254%2C%20211%2C%2074%29%3B%0A%7D%0A.hesperiden%20.tp-bullet-image%20%7B%0A%7D%0A.hesperiden%20.tp-bullet-title%20%7B%0A%7D%0A%0A\");\r\n\t\t\t\t\tvar htmlDiv = document.getElementById('rs-plugin-settings-inline-css');\r\n\t\t\t\t\tif(htmlDiv) {\r\n\t\t\t\t\t\thtmlDiv.innerHTML = htmlDiv.innerHTML + htmlDivCss;\r\n\t\t\t\t\t}\r\n\t\t\t\t\telse{\r\n\t\t\t\t\t\tvar htmlDiv = document.createElement('div');\r\n\t\t\t\t\t\thtmlDiv.innerHTML = '<style>' + htmlDivCss + '<\/style>';\r\n\t\t\t\t\t\tdocument.getElementsByTagName('head')[0].appendChild(htmlDiv.childNodes[0]);\r\n\t\t\t\t\t}\r\n\t\t\t\t  <\/script>\r\n\t\t\t\t<\/div><!-- END REVOLUTION SLIDER -->[\/vc_column_text][\/vc_column][\/vc_row][vc_row full_width=&#8221;stretch_row&#8221; hide_bg_image_on_tablet=&#8221;&#8221; hide_bg_image_on_mobile=&#8221;&#8221; row_delimiter=&#8221;&#8221; hide_on_desktop=&#8221;&#8221; hide_on_notebook=&#8221;&#8221; hide_on_tablet=&#8221;&#8221; hide_on_mobile=&#8221;&#8221; hide_on_frontpage=&#8221;&#8221; css=&#8221;.vc_custom_1533549555352{margin-top: -20px !important;background-image: url(http:\/\/produsnatura2000.ro\/wp-content\/uploads\/2018\/08\/pattent-white-bottom.png?id=1158) !important;background-position: top left !important;}&#8221; el_class=&#8221;z-index&#8221;][vc_column icons_position=&#8221;left&#8221;][vc_empty_space height=&#8221;4.8em&#8221; alter_height=&#8221;none&#8221; hide_on_desktop=&#8221;&#8221; hide_on_notebook=&#8221;&#8221; hide_on_tablet=&#8221;&#8221; hide_on_mobile=&#8221;&#8221;][\/vc_column][\/vc_row][vc_row hide_bg_image_on_tablet=&#8221;&#8221; hide_bg_image_on_mobile=&#8221;&#8221;][vc_column icons_position=&#8221;left&#8221;][vc_column_text css=&#8221;.vc_custom_1571193109066{padding-bottom: 1em !important;}&#8221;]<span lang=\"hu-HU\">A Milvus Csoport Mad\u00e1rtani \u00e9s Term\u00e9szetv\u00e9delmi Egyes\u00fclet azzal a c\u00e9llal hozta l\u00e9tre a brandet, hogy a Ny\u00e1r\u00e1d \u00e9s Kis-K\u00fck\u00fcll\u0151 menti Natura 2000 term\u00e9szetv\u00e9delmi ter\u00fcleteken \u00e9l\u0151k egys\u00e9ges v\u00e9djegy alatt tudj\u00e1k forgalomba hozni term\u00e9keiket. <\/span><\/p>\n<p><span lang=\"hu-HU\">A m\u00e1rkan\u00e9vvel ell\u00e1tott term\u00e9kek arr\u00f3l biztos\u00edtj\u00e1k a v\u00e1s\u00e1rl\u00f3t, hogy egy olyan term\u00e9ket tart a kez\u00e9ben, amely a term\u00e9szetv\u00e9delmi ter\u00fcleten j\u00f6tt l\u00e9tre. Az el\u0151\u00e1ll\u00edt\u00e1sa sor\u00e1n pedig tekintettel voltak a term\u00e9szeti \u00e9rt\u00e9kek meg\u0151rz\u00e9s\u00e9re.<\/span><\/p>\n<p><span lang=\"hu-HU\">Meggy\u0151z\u0151d\u00e9s\u00fcnk, hogy aki Natura 2000 ter\u00fcleten \u00e9l \u00e9s tev\u00e9kenykedik olyan m\u00f3don, hogy ek\u00f6zben igyekszik a term\u00e9szeti \u00e9rt\u00e9kek meg\u0151rz\u00e9s\u00e9re is figyelni, azzal a megtermelt javakon fel\u00fcl is hozz\u00e1j\u00e1rul a t\u00e1rsadalom j\u00f3ll\u00e9t\u00e9hez.<\/span>[\/vc_column_text][\/vc_column][\/vc_row][vc_row full_width=&#8221;stretch_row&#8221; hide_bg_image_on_tablet=&#8221;&#8221; hide_bg_image_on_mobile=&#8221;&#8221; css=&#8221;.vc_custom_1533554215009{background-image: url(http:\/\/produsnatura2000.ro\/wp-content\/uploads\/2018\/08\/pattent-white-top.png?id=1159) !important;background-position: bottom left !important;background-repeat: no-repeat !important;}&#8221; el_class=&#8221;z-index&#8221;][vc_column icons_position=&#8221;left&#8221;][vc_empty_space height=&#8221;113px&#8221; alter_height=&#8221;none&#8221; hide_on_desktop=&#8221;&#8221; hide_on_notebook=&#8221;1&#8243; hide_on_tablet=&#8221;1&#8243; hide_on_mobile=&#8221;1&#8243;][vc_empty_space height=&#8221;70px&#8221; alter_height=&#8221;none&#8221; hide_on_desktop=&#8221;1&#8243; hide_on_notebook=&#8221;&#8221; hide_on_tablet=&#8221;&#8221; hide_on_mobile=&#8221;&#8221;]<div  id=\"sc_promo_1166705721\" \n\tclass=\"sc_promo sc_promo_default sc_promo_size_normal sc_promo_no_paddings sc_promo_image_position_right\"><div class=\"sc_promo_image\" style=\"background-image:url(https:\/\/produsnatura2000.ro\/wp-content\/uploads\/2019\/10\/carrot1.jpg);width:40%;right: 0;\"><\/div><!-- \/.sc_promo_image --><div class=\"sc_promo_text\" style=\"width: 60%;float: left;\">\n\t\t\t<div class=\"sc_promo_text_inner trx_addons_inline_303297704\"><h2 class=\"sc_item_title sc_promo_title sc_align_left sc_item_title_style_default sc_item_title_tag\">Mi\u00e9rt \u00e9rdemes ezzel a log\u00f3val ell\u00e1tott term\u00e9keket v\u00e1s\u00e1rolni?<\/h2><div class=\"sc_item_descr sc_promo_descr sc_align_left\"><p>A m\u00e1rkan\u00e9vvel ell\u00e1tott term\u00e9kek arr\u00f3l biztos\u00edtj\u00e1k a v\u00e1s\u00e1rl\u00f3t, hogy egy olyan term\u00e9ket tart a kez\u00e9ben, amely egy term\u00e9szetv\u00e9delmi ter\u00fcleten j\u00f6tt l\u00e9tre. Az el\u0151\u00e1ll\u00edt\u00e1sa sor\u00e1n pedig tekintettel voltak a term\u00e9szeti \u00e9rt\u00e9kek meg\u0151rz\u00e9s\u00e9re.<\/p>\n<p>Piacokon t\u00f6rt\u00e9n\u0151 v\u00e1s\u00e1rl\u00e1s eset\u00e9n tudhatjuk, hogy k\u00f6zvetlen\u00fcl a termel\u0151t\u0151l v\u00e1s\u00e1rolunk, nem pedig viszontelad\u00f3t\u00f3l.<\/p>\n<p>Ezzel \u00e1tt\u00e9telesen hozz\u00e1 lehet j\u00e1rulni term\u00e9szetbar\u00e1t t\u00e1jhaszn\u00e1lathoz.<\/p>\n<\/div><\/div>\n\t\t<\/div><!-- \/.sc_promo_text --><\/div><!-- \/.sc_promo -->[vc_empty_space height=&#8221;6.5em&#8221; alter_height=&#8221;none&#8221; hide_on_desktop=&#8221;&#8221; hide_on_notebook=&#8221;&#8221; hide_on_tablet=&#8221;&#8221; hide_on_mobile=&#8221;&#8221;][\/vc_column][\/vc_row][vc_row full_width=&#8221;stretch_row&#8221; hide_bg_image_on_tablet=&#8221;&#8221; hide_bg_image_on_mobile=&#8221;&#8221; css=&#8221;.vc_custom_1533554215009{background-image: url(http:\/\/produsnatura2000.ro\/wp-content\/uploads\/2018\/08\/pattent-white-top.png?id=1159) !important;background-position: bottom left !important;background-repeat: no-repeat !important;}&#8221; el_class=&#8221;z-index&#8221;][vc_column icons_position=&#8221;left&#8221;][vc_column_text]<\/p>\n<h2>Hogyan lehet ig\u00e9nyelni brand haszn\u00e1lat\u00e1t?<\/h2>\n<p>A v\u00e9djegyet olyan termel\u0151knek biztos\u00edtjuk, akik megfelelnek az \u00e1ltal\u00e1nos \u00e9s az \u00e1ltaluk ig\u00e9nyelt term\u00e9kcsoportokra vonatkoz\u00f3 speci\u00e1lis felt\u00e9teleknek.[\/vc_column_text][vc_empty_space height=&#8221;6.5em&#8221; alter_height=&#8221;none&#8221; hide_on_desktop=&#8221;&#8221; hide_on_notebook=&#8221;&#8221; hide_on_tablet=&#8221;&#8221; hide_on_mobile=&#8221;&#8221;][\/vc_column][\/vc_row][vc_row full_width=&#8221;stretch_row&#8221; hide_bg_image_on_tablet=&#8221;&#8221; hide_bg_image_on_mobile=&#8221;&#8221; css=&#8221;.vc_custom_1533554215009{background-image: url(http:\/\/produsnatura2000.ro\/wp-content\/uploads\/2018\/08\/pattent-white-top.png?id=1159) !important;background-position: bottom left !important;background-repeat: no-repeat !important;}&#8221; el_class=&#8221;z-index&#8221;][vc_column width=&#8221;1\/4&#8243; icons_position=&#8221;left&#8221;][vc_single_image image=&#8221;1362&#8243; img_size=&#8221;large&#8221; onclick=&#8221;zoom&#8221;][vc_empty_space height=&#8221;6.5em&#8221; alter_height=&#8221;none&#8221; hide_on_desktop=&#8221;&#8221; hide_on_notebook=&#8221;&#8221; hide_on_tablet=&#8221;&#8221; hide_on_mobile=&#8221;&#8221;][\/vc_column][vc_column width=&#8221;3\/4&#8243; icons_position=&#8221;left&#8221;]<div  id=\"sc_promo_2079395085\" \n\tclass=\"sc_promo sc_promo_default sc_promo_size_normal sc_promo_no_paddings sc_promo_no_image\"><div class=\"sc_promo_text\" style=\"width: 100%;\">\n\t\t\t<div class=\"sc_promo_text_inner trx_addons_inline_1076731238\"><h2 class=\"sc_item_title sc_promo_title sc_align_left sc_item_title_style_default sc_item_title_tag\">Kik ig\u00e9nyelhetik a brand haszn\u00e1lat\u00e1t?<\/h2><div class=\"sc_item_descr sc_promo_descr sc_align_left\"><p>Minden a Ny\u00e1r\u00e1d \u00e9s Kis-K\u00fck\u00fcll\u0151 menti N2000 site-hoz (ROSPA 0028, ROSCI 0297, ROSCI 0984, ROSCI 0186) tartoz\u00f3 k\u00f6zs\u00e9gben lak\u00f3 vagy bejegyzett mag\u00e1nszem\u00e9ly (PFA), c\u00e9g, egyes\u00fclet stb.<\/p>\n<p>A k\u00f6vetkez\u0151 k\u00f6zs\u00e9gek tartoznak a fenti Natura 2000 site-okhoz:<br \/>\n\u00c1kosfalva, Als\u00f3b\u00f6lk\u00e9ny, Als\u00f3k\u00f6h\u00e9r, Backamadaras, Balav\u00e1s\u00e1r, Bonyha, Csat\u00f3falva, Cs\u00edkfalva, D\u00e1nos, Dics\u0151szentm\u00e1rton, D\u00f3zsa Gy\u00f6rgy, Erd\u0151szentgy\u00f6rgy, Erzs\u00e9betv\u00e1ros, Et\u00e9d, Farkaslaka, Gyulakuta, Havad, Hodos, K\u00f3rodszentm\u00e1rton, Makfalva, Mikefalva, Ny\u00e1r\u00e1dg\u00e1lfalva, Ny\u00e1r\u00e1dkar\u00e1csony, Ny\u00e1r\u00e1dmagyar\u00f3s, Ny\u00e1r\u00e1dszereda, Ny\u00e1r\u00e1remete, Parajd, Sz\u00e1szn\u00e1das, Szov\u00e1ta, Sz\u00e9kely\u00e9cke, V\u00e1mosg\u00e1lfalva<\/p>\n<\/div><\/div>\n\t\t<\/div><!-- \/.sc_promo_text --><\/div><!-- \/.sc_promo -->[vc_empty_space height=&#8221;6.5em&#8221; alter_height=&#8221;none&#8221; hide_on_desktop=&#8221;&#8221; hide_on_notebook=&#8221;&#8221; hide_on_tablet=&#8221;&#8221; hide_on_mobile=&#8221;&#8221;][\/vc_column][\/vc_row][vc_row][vc_column icons_position=&#8221;left&#8221;][vc_cta h2=&#8221;T\u00f6ltse le a m\u00e1rka ig\u00e9nyl\u00e9si t\u00e1j\u00e9koztat\u00f3t&#8221; add_button=&#8221;bottom&#8221; btn_title=&#8221;Let\u00f6lt\u00e9s&#8221; btn_link=&#8221;url:http%3A%2F%2Fprodusnatura2000.ro%2Fwp-content%2Fuploads%2F2019%2F10%2FT%C3%A1j%C3%A9koztat%C3%B3_brand_Natura2000.pdf||target:%20_blank|&#8221;][\/vc_cta][\/vc_column][\/vc_row][vc_row full_width=&#8221;stretch_row&#8221; hide_bg_image_on_tablet=&#8221;&#8221; hide_bg_image_on_mobile=&#8221;&#8221; css=&#8221;.vc_custom_1533554215009{background-image: url(http:\/\/produsnatura2000.ro\/wp-content\/uploads\/2018\/08\/pattent-white-top.png?id=1159) !important;background-position: bottom left !important;background-repeat: no-repeat !important;}&#8221; el_class=&#8221;z-index&#8221;][vc_column icons_position=&#8221;left&#8221;][vc_column_text]<\/p>\n<h2>Milyen term\u00e9kekre?<\/h2>\n<p>Olyan term\u00e9nyekre, amik a t\u00e9rs\u00e9g term\u00e9szeti javainak haszn\u00e1lat\u00e1val vagy helyben lak\u00f3k hagyom\u00e1nyos tev\u00e9kenys\u00e9geinek nyom\u00e1n j\u00f6ttek l\u00e9tre.<\/p>\n<ul>\n<li>Z\u00f6lds\u00e9g, gy\u00fcm\u00f6lcs, gabona, k\u00fcl\u00f6nb\u00f6z\u0151 term\u00e9szetb\u0151l begy\u0171jt\u00f6tt n\u00f6v\u00e9nyek\/term\u00e9nyek.<\/li>\n<li>A helyben termelt vagy begy\u0171jt\u00f6tt n\u00f6v\u00e9nyekb\u0151l k\u00e9sz\u00fclt term\u00e9kek. (pl. keny\u00e9r, lekv\u00e1rok, sz\u00f6rp\u00f6k, te\u00e1k, f\u0171szerek, p\u00e1linka, bor stb.)<\/li>\n<li>A helyben tartott \u00e1llatok \u00e9s azokb\u00f3l helyben k\u00e9sz\u00fclt term\u00e9kek.<\/li>\n<li>Helyben tartott \u00e1llatok \u00e1ltal termelt term\u00e9kek (tej, toj\u00e1s, stb.) \u00e9s ezek helyi szinten t\u00f6rt\u00e9n\u0151 feldolgoz\u00e1s\u00e1b\u00f3l k\u00e9sz\u00fclt term\u00e9kek<\/li>\n<li>Helyben k\u00e9sz\u00fclt k\u00e9zm\u0171ves term\u00e9kek (pl. szappan, farag\u00e1s, sz\u0151ttes, varrottas stb.)<\/li>\n<li>Helyben tartott m\u00e9hek \u00e1ltal k\u00e9sz\u00edtett m\u00e9h\u00e9szeti term\u00e9kek (pl. m\u00e9z, propolisz stb.)<\/li>\n<\/ul>\n<p>[\/vc_column_text][vc_empty_space height=&#8221;6.5em&#8221; alter_height=&#8221;none&#8221; hide_on_desktop=&#8221;&#8221; hide_on_notebook=&#8221;&#8221; hide_on_tablet=&#8221;&#8221; hide_on_mobile=&#8221;&#8221;][\/vc_column][\/vc_row]<\/p>\n","protected":false},"excerpt":{"rendered":"<p>[vc_row full_width=&#8221;stretch_row&#8221; hide_bg_image_on_tablet=&#8221;&#8221; hide_bg_image_on_mobile=&#8221;&#8221; css=&#8221;.vc_custom_1533549497867{background-image: url(http:\/\/produsnatura2000.ro\/wp-content\/uploads\/2018\/08\/pattent-white-top.png?id=1159) !important;background-position: bottom left !important;background-repeat: no-repeat !important;}&#8221; el_class=&#8221;z-index&#8221;][vc_column icons_position=&#8221;left&#8221;][vc_empty_space height=&#8221;20px&#8221; alter_height=&#8221;none&#8221; hide_on_desktop=&#8221;&#8221; hide_on_notebook=&#8221;&#8221; hide_on_tablet=&#8221;&#8221; hide_on_mobile=&#8221;&#8221;][\/vc_column][\/vc_row][vc_row&hellip;<\/p>\n","protected":false},"author":1,"featured_media":0,"parent":0,"menu_order":0,"comment_status":"closed","ping_status":"open","template":"","meta":[],"_links":{"self":[{"href":"https:\/\/produsnatura2000.ro\/index.php?rest_route=\/wp\/v2\/pages\/2"}],"collection":[{"href":"https:\/\/produsnatura2000.ro\/index.php?rest_route=\/wp\/v2\/pages"}],"about":[{"href":"https:\/\/produsnatura2000.ro\/index.php?rest_route=\/wp\/v2\/types\/page"}],"author":[{"embeddable":true,"href":"https:\/\/produsnatura2000.ro\/index.php?rest_route=\/wp\/v2\/users\/1"}],"replies":[{"embeddable":true,"href":"https:\/\/produsnatura2000.ro\/index.php?rest_route=%2Fwp%2Fv2%2Fcomments&post=2"}],"version-history":[{"count":11,"href":"https:\/\/produsnatura2000.ro\/index.php?rest_route=\/wp\/v2\/pages\/2\/revisions"}],"predecessor-version":[{"id":1363,"href":"https:\/\/produsnatura2000.ro\/index.php?rest_route=\/wp\/v2\/pages\/2\/revisions\/1363"}],"wp:attachment":[{"href":"https:\/\/produsnatura2000.ro\/index.php?rest_route=%2Fwp%2Fv2%2Fmedia&parent=2"}],"curies":[{"name":"wp","href":"https:\/\/api.w.org\/{rel}","templated":true}]}}