{"id":1304,"date":"2019-10-16T11:53:12","date_gmt":"2019-10-16T11:53:12","guid":{"rendered":"http:\/\/produsnatura2000.ro\/?page_id=1304"},"modified":"2020-03-02T15:04:20","modified_gmt":"2020-03-02T15:04:20","slug":"acasa","status":"publish","type":"page","link":"https:\/\/produsnatura2000.ro\/?page_id=1304&lang=ro","title":{"rendered":"Acas\u0103"},"content":{"rendered":"<p>[vc_row full_width=&#8221;stretch_row&#8221; hide_bg_image_on_tablet=&#8221;&#8221; hide_bg_image_on_mobile=&#8221;&#8221; css=&#8221;.vc_custom_1533549497867{background-image: url(http:\/\/produsnatura2000.ro\/wp-content\/uploads\/2018\/08\/pattent-white-top.png?id=1159) !important;background-position: bottom left !important;background-repeat: no-repeat !important;}&#8221; el_class=&#8221;z-index&#8221;][vc_column icons_position=&#8221;left&#8221;][vc_empty_space height=&#8221;20px&#8221; alter_height=&#8221;none&#8221; hide_on_desktop=&#8221;&#8221; hide_on_notebook=&#8221;&#8221; hide_on_tablet=&#8221;&#8221; hide_on_mobile=&#8221;&#8221;][\/vc_column][\/vc_row][vc_row full_width=&#8221;stretch_row&#8221; hide_bg_image_on_tablet=&#8221;&#8221; hide_bg_image_on_mobile=&#8221;&#8221; css=&#8221;.vc_custom_1531924849537{margin-top: -20px !important;}&#8221;][vc_column icons_position=&#8221;left&#8221;][vc_column_text css=&#8221;.vc_custom_1571227026273{margin-top: -20px !important;}&#8221;]<link href=\"https:\/\/fonts.googleapis.com\/css?family=Roboto+Slab:400\" rel=\"stylesheet\" property=\"stylesheet\" type=\"text\/css\" media=\"all\">\n<div id=\"rev_slider_3_1_wrapper\" class=\"rev_slider_wrapper fullwidthbanner-container\" data-source=\"gallery\" style=\"margin:0px auto;background:transparent;padding:0px;margin-top:0px;margin-bottom:0px;\">\n<!-- START REVOLUTION SLIDER 5.4.8.3 fullwidth mode -->\n\t<div id=\"rev_slider_3_1\" class=\"rev_slider fullwidthabanner\" style=\"display:none;\" data-version=\"5.4.8.3\">\n<ul>\t<!-- SLIDE  -->\n\t<li data-index=\"rs-7\" data-transition=\"curtain-1\" data-slotamount=\"default\" data-hideafterloop=\"0\" data-hideslideonmobile=\"off\"  data-easein=\"default\" data-easeout=\"default\" data-masterspeed=\"default\"  data-thumb=\"https:\/\/produsnatura2000.ro\/wp-content\/uploads\/2019\/10\/landscape1-100x50.jpg\"  data-delay=\"7010\"  data-rotate=\"0\"  data-saveperformance=\"off\"  data-title=\"Slide\" data-param1=\"\" data-param2=\"\" data-param3=\"\" data-param4=\"\" data-param5=\"\" data-param6=\"\" data-param7=\"\" data-param8=\"\" data-param9=\"\" data-param10=\"\" data-description=\"\">\n\t\t<!-- MAIN IMAGE -->\n\t\t<img src=\"https:\/\/produsnatura2000.ro\/wp-content\/uploads\/2019\/10\/landscape1.jpg\"  alt=\"\" title=\"landscape1\"  width=\"1920\" height=\"677\" data-bgposition=\"center center\" data-bgfit=\"cover\" data-bgrepeat=\"no-repeat\" class=\"rev-slidebg\" data-no-retina>\n\t\t<!-- LAYERS -->\n\t<\/li>\n\t<!-- SLIDE  -->\n\t<li data-index=\"rs-8\" data-transition=\"curtain-2\" data-slotamount=\"default\" data-hideafterloop=\"0\" data-hideslideonmobile=\"off\"  data-easein=\"default\" data-easeout=\"default\" data-masterspeed=\"default\"  data-thumb=\"https:\/\/produsnatura2000.ro\/wp-content\/uploads\/2019\/10\/apples1-100x50.jpg\"  data-delay=\"7010\"  data-rotate=\"0\"  data-saveperformance=\"off\"  data-title=\"Slide\" data-param1=\"\" data-param2=\"\" data-param3=\"\" data-param4=\"\" data-param5=\"\" data-param6=\"\" data-param7=\"\" data-param8=\"\" data-param9=\"\" data-param10=\"\" data-description=\"\">\n\t\t<!-- MAIN IMAGE -->\n\t\t<img src=\"https:\/\/produsnatura2000.ro\/wp-content\/uploads\/2019\/10\/apples1.jpg\"  alt=\"\" title=\"apples1\"  width=\"1920\" height=\"677\" data-bgposition=\"center center\" data-bgfit=\"cover\" data-bgrepeat=\"no-repeat\" class=\"rev-slidebg\" data-no-retina>\n\t\t<!-- LAYERS -->\n\t<\/li>\n\t<!-- SLIDE  -->\n\t<li data-index=\"rs-9\" data-transition=\"curtain-3\" data-slotamount=\"default\" data-hideafterloop=\"0\" data-hideslideonmobile=\"off\"  data-easein=\"default\" data-easeout=\"default\" data-masterspeed=\"default\"  data-thumb=\"https:\/\/produsnatura2000.ro\/wp-content\/uploads\/2019\/10\/cows1-100x50.jpg\"  data-delay=\"6950\"  data-rotate=\"0\"  data-saveperformance=\"off\"  data-title=\"Slide\" data-param1=\"\" data-param2=\"\" data-param3=\"\" data-param4=\"\" data-param5=\"\" data-param6=\"\" data-param7=\"\" data-param8=\"\" data-param9=\"\" data-param10=\"\" data-description=\"\">\n\t\t<!-- MAIN IMAGE -->\n\t\t<img src=\"https:\/\/produsnatura2000.ro\/wp-content\/uploads\/2019\/10\/cows1.jpg\"  alt=\"\" title=\"cows1\"  width=\"1920\" height=\"677\" data-bgposition=\"center center\" data-bgfit=\"cover\" data-bgrepeat=\"no-repeat\" class=\"rev-slidebg\" data-no-retina>\n\t\t<!-- LAYERS -->\n\t<\/li>\n<\/ul>\n<div style=\"\" class=\"tp-static-layers\">\n\n\t\t<!-- LAYER NR. 1 -->\n\t\t<div class=\"tp-caption Newspaper-Title   tp-resizeme tp-static-layer\" \n\t\t\t id=\"slider-3-layer-1\" \n\t\t\t data-x=\"100\" \n\t\t\t data-y=\"111\" \n\t\t\t\t\t\tdata-width=\"['auto']\"\n\t\t\tdata-height=\"['auto']\"\n \n\t\t\tdata-type=\"text\" \n\t\t\tdata-responsive_offset=\"on\" \n\n\t\t\tdata-startslide=\"0\" \n\t\t\tdata-endslide=\"2\" \n\t\t\tdata-frames='[{\"delay\":490,\"speed\":300,\"frame\":\"0\",\"from\":\"opacity:0;\",\"to\":\"o:1;\",\"ease\":\"Power3.easeInOut\"},{\"delay\":\"wait\",\"speed\":300,\"frame\":\"999\",\"to\":\"opacity:0;\",\"ease\":\"Power3.easeInOut\"}]'\n\t\t\tdata-textAlign=\"['left','left','left','left']\"\n\t\t\tdata-paddingtop=\"[0,0,0,0]\"\n\t\t\tdata-paddingright=\"[0,0,0,0]\"\n\t\t\tdata-paddingbottom=\"[10,10,10,10]\"\n\t\t\tdata-paddingleft=\"[0,0,0,0]\"\n\n\t\t\tstyle=\"z-index: 5; white-space: nowrap; color: #ffffff; letter-spacing: 0px;\">PRODUSE NATURA 2000 <\/div>\n\n\t\t<!-- LAYER NR. 2 -->\n\t\t<div class=\"tp-caption Sports-Subline   tp-resizeme tp-static-layer\" \n\t\t\t id=\"slider-3-layer-3\" \n\t\t\t data-x=\"102\" \n\t\t\t data-y=\"187\" \n\t\t\t\t\t\tdata-width=\"['auto']\"\n\t\t\tdata-height=\"['auto']\"\n \n\t\t\tdata-type=\"text\" \n\t\t\tdata-responsive_offset=\"on\" \n\n\t\t\tdata-startslide=\"0\" \n\t\t\tdata-endslide=\"2\" \n\t\t\tdata-frames='[{\"delay\":410,\"speed\":300,\"frame\":\"0\",\"from\":\"opacity:0;\",\"to\":\"o:1;\",\"ease\":\"Power3.easeInOut\"},{\"delay\":\"wait\",\"speed\":300,\"frame\":\"999\",\"to\":\"opacity:0;\",\"ease\":\"Power3.easeInOut\"}]'\n\t\t\tdata-textAlign=\"['left','left','left','left']\"\n\t\t\tdata-paddingtop=\"[0,0,0,0]\"\n\t\t\tdata-paddingright=\"[0,0,0,0]\"\n\t\t\tdata-paddingbottom=\"[0,0,0,0]\"\n\t\t\tdata-paddingleft=\"[0,0,0,0]\"\n\n\t\t\tstyle=\"z-index: 6; white-space: nowrap; font-size: 37px; color: #fed34a; letter-spacing: 0px;font-family:Roboto Slab;\">DIN VALEA NIRAJULUI-T\u00c2RNAVEI <\/div>\n<\/div>\n<script>var htmlDiv = document.getElementById(\"rs-plugin-settings-inline-css\"); var htmlDivCss=\".hesperiden .tp-bullet{width:10px !important;height:10px !important;background:linear-gradient(to bottom,rgb(##bullet-bg-top##) 0%,rgb(255,255,255) 100%) !important;filter:progid:dximagetransform.microsoft.gradient(   startcolorstr=\\\"rgb(##bullet-bg-top##)\\\",endcolorstr=\\\"rgb(255,255,255)\\\",gradienttype=0 ) !important}.hesperiden .tp-bullet:hover,.hesperiden .tp-bullet.selected{background:rgb(254,211,74) !important}.hesperiden .tp-bullet{width:10px !important;height:10px !important;background:linear-gradient(to bottom,rgb(##bullet-bg-top##) 0%,rgb(255,255,255) 100%) !important;filter:progid:dximagetransform.microsoft.gradient(   startcolorstr=\\\"rgb(##bullet-bg-top##)\\\",endcolorstr=\\\"rgb(255,255,255)\\\",gradienttype=0 ) !important}.hesperiden .tp-bullet:hover,.hesperiden .tp-bullet.selected{background:rgb(254,211,74) !important}.hesperiden .tp-bullet{width:10px !important;height:10px !important;background:linear-gradient(to bottom,rgb(##bullet-bg-top##) 0%,rgb(255,255,255) 100%) !important;filter:progid:dximagetransform.microsoft.gradient(   startcolorstr=\\\"rgb(##bullet-bg-top##)\\\",endcolorstr=\\\"rgb(255,255,255)\\\",gradienttype=0 ) !important}.hesperiden .tp-bullet:hover,.hesperiden .tp-bullet.selected{background:rgb(254,211,74) !important}\";\r\n\t\t\t\t\t\tif(htmlDiv) {\r\n\t\t\t\t\t\t\thtmlDiv.innerHTML = htmlDiv.innerHTML + htmlDivCss;\r\n\t\t\t\t\t\t}else{\r\n\t\t\t\t\t\t\tvar htmlDiv = document.createElement(\"div\");\r\n\t\t\t\t\t\t\thtmlDiv.innerHTML = \"<style>\" + htmlDivCss + \"<\/style>\";\r\n\t\t\t\t\t\t\tdocument.getElementsByTagName(\"head\")[0].appendChild(htmlDiv.childNodes[0]);\r\n\t\t\t\t\t\t}\r\n\t\t\t\t\t<\/script>\n<div class=\"tp-bannertimer tp-bottom\" style=\"visibility: hidden !important;\"><\/div>\t<\/div>\n<script>var htmlDiv = document.getElementById(\"rs-plugin-settings-inline-css\"); var htmlDivCss=\".tp-caption.Sports-Subline,.Sports-Subline{color:rgba(0,0,0,1.00);font-size:32px;line-height:32px;font-weight:400;font-style:normal;font-family:\\\"Raleway\\\";text-decoration:none;background-color:transparent;border-color:transparent;border-style:none;border-width:0px;border-radius:0 0 0 0px;letter-spacing:4px}.tp-caption.Newspaper-Title,.Newspaper-Title{color:rgba(255,255,255,1.00);font-size:50px;line-height:55px;font-weight:400;font-style:normal;font-family:\\\"Roboto Slab\\\";text-decoration:none;background-color:transparent;border-color:transparent;border-style:none;border-width:0px;border-radius:0px 0px 0px 0px}\";\r\n\t\t\t\tif(htmlDiv) {\r\n\t\t\t\t\thtmlDiv.innerHTML = htmlDiv.innerHTML + htmlDivCss;\r\n\t\t\t\t}else{\r\n\t\t\t\t\tvar htmlDiv = document.createElement(\"div\");\r\n\t\t\t\t\thtmlDiv.innerHTML = \"<style>\" + htmlDivCss + \"<\/style>\";\r\n\t\t\t\t\tdocument.getElementsByTagName(\"head\")[0].appendChild(htmlDiv.childNodes[0]);\r\n\t\t\t\t}\r\n\t\t\t<\/script>\n\t\t<script type=\"text\/javascript\">\r\nif (setREVStartSize!==undefined) setREVStartSize(\r\n\t{c: '#rev_slider_3_1', gridwidth: [1240], gridheight: [678], sliderLayout: 'fullwidth', minHeight:'320px'});\r\n\t\t\t\r\nvar revapi3,\r\n\ttpj;\t\r\n(function() {\t\t\t\r\n\tif (!\/loaded|interactive|complete\/.test(document.readyState)) document.addEventListener(\"DOMContentLoaded\",onLoad); else onLoad();\t\r\n\tfunction onLoad() {\t\t\t\t\r\n\t\tif (tpj===undefined) { tpj = jQuery; if(\"off\" == \"on\") tpj.noConflict();}\r\n\tif(tpj(\"#rev_slider_3_1\").revolution == undefined){\n\t\trevslider_showDoubleJqueryError(\"#rev_slider_3_1\");\n\t}else{\n\t\trevapi3 = tpj(\"#rev_slider_3_1\").show().revolution({\n\t\t\tsliderType:\"standard\",\n\t\t\tjsFileLocation:\"\/\/produsnatura2000.ro\/wp-content\/plugins\/revslider\/public\/assets\/js\/\",\n\t\t\tsliderLayout:\"fullwidth\",\n\t\t\tdottedOverlay:\"none\",\n\t\t\tdelay:9000,\n\t\t\tnavigation: {\n\t\t\t\tkeyboardNavigation:\"off\",\n\t\t\t\tkeyboard_direction: \"horizontal\",\n\t\t\t\tmouseScrollNavigation:\"off\",\n \t\t\t\t\t\t\tmouseScrollReverse:\"default\",\n\t\t\t\tonHoverStop:\"off\",\n\t\t\t\ttouch:{\n\t\t\t\t\ttouchenabled:\"on\",\n\t\t\t\t\ttouchOnDesktop:\"on\",\n\t\t\t\t\tswipe_threshold: 75,\n\t\t\t\t\tswipe_min_touches: 1,\n\t\t\t\t\tswipe_direction: \"horizontal\",\n\t\t\t\t\tdrag_block_vertical: false\n\t\t\t\t}\n\t\t\t\t,\n\t\t\t\tbullets: {\n\t\t\t\t\tenable:true,\n\t\t\t\t\thide_onmobile:false,\n\t\t\t\t\tstyle:\"hesperiden\",\n\t\t\t\t\thide_onleave:false,\n\t\t\t\t\tdirection:\"vertical\",\n\t\t\t\t\th_align:\"right\",\n\t\t\t\t\tv_align:\"center\",\n\t\t\t\t\th_offset:40,\n\t\t\t\t\tv_offset:20,\n\t\t\t\t\tspace:20,\n\t\t\t\t\ttmp:''\n\t\t\t\t}\n\t\t\t},\n\t\t\tvisibilityLevels:[1240,1024,778,480],\n\t\t\tgridwidth:1240,\n\t\t\tgridheight:678,\n\t\t\tlazyType:\"none\",\n\t\t\tminHeight:\"320px\",\n\t\t\tshadow:0,\n\t\t\tspinner:\"spinner0\",\n\t\t\tstopLoop:\"off\",\n\t\t\tstopAfterLoops:-1,\n\t\t\tstopAtSlide:-1,\n\t\t\tshuffle:\"off\",\n\t\t\tautoHeight:\"off\",\n\t\t\tdisableProgressBar:\"on\",\n\t\t\thideThumbsOnMobile:\"off\",\n\t\t\thideSliderAtLimit:0,\n\t\t\thideCaptionAtLimit:0,\n\t\t\thideAllCaptionAtLilmit:0,\n\t\t\tdebugMode:false,\n\t\t\tfallbacks: {\n\t\t\t\tsimplifyAll:\"off\",\n\t\t\t\tnextSlideOnWindowFocus:\"off\",\n\t\t\t\tdisableFocusListener:false,\n\t\t\t}\n\t\t});\n\t}; \/* END OF revapi call *\/\n\t\n }; \/* END OF ON LOAD FUNCTION *\/\r\n}()); \/* END OF WRAPPING FUNCTION *\/\r\n<\/script>\r\n\t\t<script>\r\n\t\t\t\t\tvar htmlDivCss = unescape(\".hesperiden.tp-bullets%20%7B%0A%7D%0A.hesperiden.tp-bullets%3Abefore%20%7B%0A%09content%3A%22%20%22%3B%0A%09position%3Aabsolute%3B%0A%09width%3A100%25%3B%0A%09height%3A100%25%3B%0A%09background%3Atransparent%3B%0A%09padding%3A10px%3B%0A%09margin-left%3A-10px%3Bmargin-top%3A-10px%3B%0A%09box-sizing%3Acontent-box%3B%0A%20%20%20border-radius%3A8px%3B%0A%20%20%0A%7D%0A.hesperiden%20.tp-bullet%20%7B%0A%09width%3A8px%3B%0A%09height%3A8px%3B%0A%09position%3Aabsolute%3B%0A%09background%3A%20rgb%28255%2C%20255%2C%20255%29%3B%20%2F%2A%20old%20browsers%20%2A%2F%0A%20%20%20%20background%3A%20-moz-linear-gradient%28top%2C%20%20rgb%28255%2C%20255%2C%20255%29%200%25%2C%20rgb%28255%2C%20255%2C%20255%29%20100%25%29%3B%20%2F%2A%20ff3.6%2B%20%2A%2F%0A%20%20%20%20background%3A%20-webkit-linear-gradient%28top%2C%20%20rgb%28255%2C%20255%2C%20255%29%200%25%2Crgb%28255%2C%20255%2C%20255%29%20100%25%29%3B%20%2F%2A%20chrome10%2B%2Csafari5.1%2B%20%2A%2F%0A%20%20%20%20background%3A%20-o-linear-gradient%28top%2C%20%20rgb%28255%2C%20255%2C%20255%29%200%25%2Crgb%28255%2C%20255%2C%20255%29%20100%25%29%3B%20%2F%2A%20opera%2011.10%2B%20%2A%2F%0A%20%20%20%20background%3A%20-ms-linear-gradient%28top%2C%20%20rgb%28255%2C%20255%2C%20255%29%200%25%2Crgb%28255%2C%20255%2C%20255%29%20100%25%29%3B%20%2F%2A%20ie10%2B%20%2A%2F%0A%20%20%20%20background%3A%20linear-gradient%28to%20bottom%2C%20%20rgb%28255%2C%20255%2C%20255%29%200%25%2Crgb%28255%2C%20255%2C%20255%29%20100%25%29%3B%20%2F%2A%20w3c%20%2A%2F%0A%20%20%20%20filter%3A%20progid%3Adximagetransform.microsoft.gradient%28%20%0A%20%20%20%20startcolorstr%3D%22rgb%28255%2C%20255%2C%20255%29%22%2C%20endcolorstr%3D%22rgb%28255%2C%20255%2C%20255%29%22%2Cgradienttype%3D0%20%29%3B%20%2F%2A%20ie6-9%20%2A%2F%0A%09border%3A1px%20solid%20rgb%28229%2C%20229%2C%20229%2C%200%29%3B%0A%09border-radius%3A50%25%3B%0A%09cursor%3A%20pointer%3B%0A%09box-sizing%3Acontent-box%3B%0A%7D%0A.hesperiden%20.tp-bullet%3Ahover%2C%0A.hesperiden%20.tp-bullet.selected%20%7B%0A%09background%3Argb%28254%2C%20211%2C%2074%29%3B%0A%7D%0A.hesperiden%20.tp-bullet-image%20%7B%0A%7D%0A.hesperiden%20.tp-bullet-title%20%7B%0A%7D%0A%0A\");\r\n\t\t\t\t\tvar htmlDiv = document.getElementById('rs-plugin-settings-inline-css');\r\n\t\t\t\t\tif(htmlDiv) {\r\n\t\t\t\t\t\thtmlDiv.innerHTML = htmlDiv.innerHTML + htmlDivCss;\r\n\t\t\t\t\t}\r\n\t\t\t\t\telse{\r\n\t\t\t\t\t\tvar htmlDiv = document.createElement('div');\r\n\t\t\t\t\t\thtmlDiv.innerHTML = '<style>' + htmlDivCss + '<\/style>';\r\n\t\t\t\t\t\tdocument.getElementsByTagName('head')[0].appendChild(htmlDiv.childNodes[0]);\r\n\t\t\t\t\t}\r\n\t\t\t\t  <\/script>\r\n\t\t\t\t<\/div><!-- END REVOLUTION SLIDER -->[\/vc_column_text][vc_empty_space height=&#8221;4.8em&#8221; alter_height=&#8221;none&#8221; hide_on_desktop=&#8221;&#8221; hide_on_notebook=&#8221;&#8221; hide_on_tablet=&#8221;&#8221; hide_on_mobile=&#8221;&#8221;][\/vc_column][\/vc_row][vc_row hide_bg_image_on_tablet=&#8221;&#8221; hide_bg_image_on_mobile=&#8221;&#8221;][vc_column icons_position=&#8221;left&#8221;][vc_column_text css=&#8221;.vc_custom_1571227113983{padding-bottom: 1em !important;}&#8221;]Asocia\u021bia pentru Protec\u021bia P\u0103s\u0103rilor \u0219i a Naturii Grupul Milvus a creat acest brand cu scopul de a asigura micilor produc\u0103tori din ariile protejate Natura 2000 Valea Nirajului \u0219i T\u00e2rnavei posibilitatea de a comercializa sub aceea\u0219i insign\u0103 produsele ob\u021binute.<\/p>\n<p>Marca \u00eenregistrat\u0103 d\u0103 o siguran\u021b\u0103 cump\u0103r\u0103torului, c\u0103 produsele achizi\u021bionate provin dintr-o arie natural\u0103 protejat\u0103, iar \u00een produc\u021bia lor s-a luat \u00een considerare p\u0103strarea valorilor naturale.<\/p>\n<p>Credem cu t\u0103rie c\u0103 micii produc\u0103tori din ariile Natura 2000, care prin activit\u0103\u021bile lor respect\u0103 \u0219i p\u0103streaz\u0103 valorile naturale, \u00een afar\u0103 de produsele ob\u021binute contribuie \u0219i la bun\u0103starea social\u0103.[\/vc_column_text][vc_empty_space height=&#8221;4.8em&#8221; alter_height=&#8221;none&#8221; hide_on_desktop=&#8221;&#8221; hide_on_notebook=&#8221;&#8221; hide_on_tablet=&#8221;&#8221; hide_on_mobile=&#8221;&#8221;][\/vc_column][\/vc_row][vc_row full_width=&#8221;stretch_row&#8221; hide_bg_image_on_tablet=&#8221;&#8221; hide_bg_image_on_mobile=&#8221;&#8221; css=&#8221;.vc_custom_1533554215009{background-image: url(http:\/\/produsnatura2000.ro\/wp-content\/uploads\/2018\/08\/pattent-white-top.png?id=1159) !important;background-position: bottom left !important;background-repeat: no-repeat !important;}&#8221; el_class=&#8221;z-index&#8221;][vc_column icons_position=&#8221;left&#8221;][vc_empty_space height=&#8221;113px&#8221; alter_height=&#8221;none&#8221; hide_on_desktop=&#8221;&#8221; hide_on_notebook=&#8221;1&#8243; hide_on_tablet=&#8221;1&#8243; hide_on_mobile=&#8221;1&#8243;][vc_empty_space height=&#8221;70px&#8221; alter_height=&#8221;none&#8221; hide_on_desktop=&#8221;1&#8243; hide_on_notebook=&#8221;&#8221; hide_on_tablet=&#8221;&#8221; hide_on_mobile=&#8221;&#8221;]<div  id=\"sc_promo_1838433579\" \n\tclass=\"sc_promo sc_promo_default sc_promo_size_normal sc_promo_no_paddings sc_promo_image_position_right\"><div class=\"sc_promo_image\" style=\"background-image:url(https:\/\/produsnatura2000.ro\/wp-content\/uploads\/2019\/10\/carrot1.jpg);width:40%;right: 0;\"><\/div><!-- \/.sc_promo_image --><div class=\"sc_promo_text\" style=\"width: 60%;float: left;\">\n\t\t\t<div class=\"sc_promo_text_inner trx_addons_inline_1330984675\"><h2 class=\"sc_item_title sc_promo_title sc_align_left sc_item_title_style_default sc_item_title_tag\">De ce merit\u0103 s\u0103 cumperi produse care au acest logo?<\/h2><div class=\"sc_item_descr sc_promo_descr sc_align_left\"><p>Produsele cu marca \u00eenregistrat\u0103 asigur\u0103 cump\u0103r\u0103torii c\u0103 au fost realizate \u00eentr-o arie natural\u0103 protejat\u0103, iar \u00een produc\u021bia lor s-a luat \u00een considerare p\u0103strarea valorilor naturale.<\/p>\n<p>La pia\u021b\u0103, vom \u0219ti c\u0103 achizi\u021bion\u0103m de la produc\u0103tori originali \u0219i nu de la v\u00e2nz\u0103tori intermediari.<\/p>\n<p>Astfel contribuim la utilizarea terenurilor prietenoase cu natura.<\/p>\n<\/div><\/div>\n\t\t<\/div><!-- \/.sc_promo_text --><\/div><!-- \/.sc_promo -->[vc_empty_space height=&#8221;6.5em&#8221; alter_height=&#8221;none&#8221; hide_on_desktop=&#8221;&#8221; hide_on_notebook=&#8221;&#8221; hide_on_tablet=&#8221;&#8221; hide_on_mobile=&#8221;&#8221;][\/vc_column][\/vc_row][vc_row full_width=&#8221;stretch_row&#8221; hide_bg_image_on_tablet=&#8221;&#8221; hide_bg_image_on_mobile=&#8221;&#8221; css=&#8221;.vc_custom_1533554215009{background-image: url(http:\/\/produsnatura2000.ro\/wp-content\/uploads\/2018\/08\/pattent-white-top.png?id=1159) !important;background-position: bottom left !important;background-repeat: no-repeat !important;}&#8221; el_class=&#8221;z-index&#8221;][vc_column icons_position=&#8221;left&#8221;][vc_column_text]<\/p>\n<h2>Cum putem solicita dreptul de folosin\u021b\u0103 al brandului?<\/h2>\n<p>Marca poate fi folosit\u0103 de produc\u0103torii care corespund condi\u021biilor generale \u0219i speciale ale produselor.[\/vc_column_text][vc_empty_space height=&#8221;6.5em&#8221; alter_height=&#8221;none&#8221; hide_on_desktop=&#8221;&#8221; hide_on_notebook=&#8221;&#8221; hide_on_tablet=&#8221;&#8221; hide_on_mobile=&#8221;&#8221;][\/vc_column][\/vc_row][vc_row full_width=&#8221;stretch_row&#8221; hide_bg_image_on_tablet=&#8221;&#8221; hide_bg_image_on_mobile=&#8221;&#8221; css=&#8221;.vc_custom_1533554215009{background-image: url(http:\/\/produsnatura2000.ro\/wp-content\/uploads\/2018\/08\/pattent-white-top.png?id=1159) !important;background-position: bottom left !important;background-repeat: no-repeat !important;}&#8221; el_class=&#8221;z-index&#8221;][vc_column width=&#8221;1\/4&#8243; icons_position=&#8221;left&#8221;][vc_single_image image=&#8221;1364&#8243; img_size=&#8221;large&#8221; onclick=&#8221;zoom&#8221;][vc_empty_space height=&#8221;6.5em&#8221; alter_height=&#8221;none&#8221; hide_on_desktop=&#8221;&#8221; hide_on_notebook=&#8221;&#8221; hide_on_tablet=&#8221;&#8221; hide_on_mobile=&#8221;&#8221;][\/vc_column][vc_column width=&#8221;3\/4&#8243; icons_position=&#8221;left&#8221;]<div  id=\"sc_promo_1256206209\" \n\tclass=\"sc_promo sc_promo_default sc_promo_size_normal sc_promo_no_paddings sc_promo_no_image\"><div class=\"sc_promo_text\" style=\"width: 100%;\">\n\t\t\t<div class=\"sc_promo_text_inner trx_addons_inline_824578850\"><h2 class=\"sc_item_title sc_promo_title sc_align_left sc_item_title_style_default sc_item_title_tag\">Cine poate solicita folosin\u021ba brandului?<\/h2><div class=\"sc_item_descr sc_promo_descr sc_align_left\"><p>Toate persoanele fizice, firme, asocia\u021bii etc. care locuiesc sau sunt \u00eenregistrate \u00een localit\u0103\u021bile care apar\u021bin ariei Natura 2000 Valea Nirajului T\u00e2rnava Mic\u0103 (ROSPA 0028, ROSCI 0297, ROSCI 0984, ROSCI 0186)<br \/>\nUrm\u0103toarele localit\u0103\u021bi, dar \u0219i localit\u0103\u021bile \u00eenvecinate ale acestora, apar\u021bin ariei Natura 2000: Ac\u0103\u021bari, Beica de Jos, Chineru de Jos, P\u0103s\u0103reni, B\u0103l\u0103u\u0219eri, Bahnea, V\u0103rgata, T\u00e2rn\u0103veni, Gheorghe Doja, S\u00e2ngeorgiu de P\u0103dure, Dumbr\u0103veni, Atid, Lupeni, F\u00e2nt\u00e2nele, Neaua, Hodo\u0219, Corois\u00e2nm\u0103rtin, Ghindari, Mica, G\u0103le\u0219ti, Cr\u0103ciune\u0219ti, M\u0103gherani, Miercurea Nirajului, Eremitu, Praid, Nade\u0219, Sovata, Ve\u021bca, G\u0103ne\u0219ti.<\/p>\n<\/div><\/div>\n\t\t<\/div><!-- \/.sc_promo_text --><\/div><!-- \/.sc_promo -->[vc_empty_space height=&#8221;6.5em&#8221; alter_height=&#8221;none&#8221; hide_on_desktop=&#8221;&#8221; hide_on_notebook=&#8221;&#8221; hide_on_tablet=&#8221;&#8221; hide_on_mobile=&#8221;&#8221;][\/vc_column][\/vc_row][vc_row][vc_column icons_position=&#8221;left&#8221;][vc_cta h2=&#8221;Indica\u021bii pentru folosirea brandului&#8221; add_button=&#8221;bottom&#8221; btn_title=&#8221;Desc\u0103rcare&#8221; btn_link=&#8221;url:http%3A%2F%2Fprodusnatura2000.ro%2Fwp-content%2Fuploads%2F2019%2F10%2FIndica%C8%9Bii_brand_Natura2000.pdf||target:%20_blank|&#8221;][\/vc_cta][\/vc_column][\/vc_row][vc_row full_width=&#8221;stretch_row&#8221; hide_bg_image_on_tablet=&#8221;&#8221; hide_bg_image_on_mobile=&#8221;&#8221; css=&#8221;.vc_custom_1533554215009{background-image: url(http:\/\/produsnatura2000.ro\/wp-content\/uploads\/2018\/08\/pattent-white-top.png?id=1159) !important;background-position: bottom left !important;background-repeat: no-repeat !important;}&#8221; el_class=&#8221;z-index&#8221;][vc_column icons_position=&#8221;left&#8221;][vc_column_text]<\/p>\n<h2>Pentru ce produse se poate solicita brandul?<\/h2>\n<ul>\n<li>produse agricole rezultate din folosin\u021ba bunurilor naturale din zon\u0103 sau din activit\u0103\u021bile tradi\u021bionale ale localnicilor<\/li>\n<li>legume, fructe, cereale, plante\/produse colectate din natur\u0103<\/li>\n<li>produse f\u0103cute din plantele cultivate sau colectate din zon\u0103 (ex. p\u00e2ine, marmelad\u0103\/gem, siropuri, ceaiuri, condimente, rachiu, vin etc.)<\/li>\n<li>animale \u0219i produse locale din animale crescute \u00een zon\u0103<\/li>\n<li>produse (lapte, ou\u0103 etc.) din animalele crescute \u00een zon\u0103 \u0219i prelucrarea local\u0103 a acestora<\/li>\n<li>produse artizanale locale (s\u0103pun, sculpturi din lemn, \u021bes\u0103turi, broderii etc.)<\/li>\n<li>produsele rezultate de la albine crescute \u00een zon\u0103 (miere, propolis etc.)<\/li>\n<\/ul>\n<p>[\/vc_column_text][vc_empty_space height=&#8221;6.5em&#8221; alter_height=&#8221;none&#8221; hide_on_desktop=&#8221;&#8221; hide_on_notebook=&#8221;&#8221; hide_on_tablet=&#8221;&#8221; hide_on_mobile=&#8221;&#8221;][\/vc_column][\/vc_row]<\/p>\n","protected":false},"excerpt":{"rendered":"<p>[vc_row full_width=&#8221;stretch_row&#8221; hide_bg_image_on_tablet=&#8221;&#8221; hide_bg_image_on_mobile=&#8221;&#8221; css=&#8221;.vc_custom_1533549497867{background-image: url(http:\/\/produsnatura2000.ro\/wp-content\/uploads\/2018\/08\/pattent-white-top.png?id=1159) !important;background-position: bottom left !important;background-repeat: no-repeat !important;}&#8221; el_class=&#8221;z-index&#8221;][vc_column icons_position=&#8221;left&#8221;][vc_empty_space height=&#8221;20px&#8221; alter_height=&#8221;none&#8221; hide_on_desktop=&#8221;&#8221; hide_on_notebook=&#8221;&#8221; hide_on_tablet=&#8221;&#8221; hide_on_mobile=&#8221;&#8221;][\/vc_column][\/vc_row][vc_row&hellip;<\/p>\n","protected":false},"author":1,"featured_media":0,"parent":0,"menu_order":0,"comment_status":"closed","ping_status":"open","template":"","meta":[],"_links":{"self":[{"href":"https:\/\/produsnatura2000.ro\/index.php?rest_route=\/wp\/v2\/pages\/1304"}],"collection":[{"href":"https:\/\/produsnatura2000.ro\/index.php?rest_route=\/wp\/v2\/pages"}],"about":[{"href":"https:\/\/produsnatura2000.ro\/index.php?rest_route=\/wp\/v2\/types\/page"}],"author":[{"embeddable":true,"href":"https:\/\/produsnatura2000.ro\/index.php?rest_route=\/wp\/v2\/users\/1"}],"replies":[{"embeddable":true,"href":"https:\/\/produsnatura2000.ro\/index.php?rest_route=%2Fwp%2Fv2%2Fcomments&post=1304"}],"version-history":[{"count":8,"href":"https:\/\/produsnatura2000.ro\/index.php?rest_route=\/wp\/v2\/pages\/1304\/revisions"}],"predecessor-version":[{"id":1365,"href":"https:\/\/produsnatura2000.ro\/index.php?rest_route=\/wp\/v2\/pages\/1304\/revisions\/1365"}],"wp:attachment":[{"href":"https:\/\/produsnatura2000.ro\/index.php?rest_route=%2Fwp%2Fv2%2Fmedia&parent=1304"}],"curies":[{"name":"wp","href":"https:\/\/api.w.org\/{rel}","templated":true}]}}